{"id":1415,"date":"2016-02-12T07:54:41","date_gmt":"2016-02-12T07:54:41","guid":{"rendered":"http:\/\/demos.famethemes.com\/onepress\/?page_id=4"},"modified":"2025-02-28T08:16:50","modified_gmt":"2025-02-28T07:16:50","slug":"home","status":"publish","type":"page","link":"https:\/\/klamergruppen.dk\/","title":{"rendered":"Home"},"content":{"rendered":"<meta name=\"wp_lightbox_enable\" content=\"false\">","protected":false},"excerpt":{"rendered":"<meta name=\"wp_lightbox_enable\" content=\"false\"><p>Klamer ApS leverer pr\u00e6cist kloakarbejde, jordarbejde og rottesp\u00e6rrer med fokus p\u00e5 kvalitet, tryghed og langtidsholdbare l\u00f8sninger.<\/p>\n","protected":false},"author":2,"featured_media":0,"parent":0,"menu_order":0,"comment_status":"closed","ping_status":"closed","template":"template-frontpage.php","meta":{"footnotes":""},"class_list":["post-1415","page","type-page","status-publish","hentry"],"_links":{"self":[{"href":"https:\/\/klamergruppen.dk\/index.php?rest_route=\/wp\/v2\/pages\/1415","targetHints":{"allow":["GET"]}}],"collection":[{"href":"https:\/\/klamergruppen.dk\/index.php?rest_route=\/wp\/v2\/pages"}],"about":[{"href":"https:\/\/klamergruppen.dk\/index.php?rest_route=\/wp\/v2\/types\/page"}],"author":[{"embeddable":true,"href":"https:\/\/klamergruppen.dk\/index.php?rest_route=\/wp\/v2\/users\/2"}],"replies":[{"embeddable":true,"href":"https:\/\/klamergruppen.dk\/index.php?rest_route=%2Fwp%2Fv2%2Fcomments&post=1415"}],"version-history":[{"count":3,"href":"https:\/\/klamergruppen.dk\/index.php?rest_route=\/wp\/v2\/pages\/1415\/revisions"}],"predecessor-version":[{"id":1783,"href":"https:\/\/klamergruppen.dk\/index.php?rest_route=\/wp\/v2\/pages\/1415\/revisions\/1783"}],"wp:attachment":[{"href":"https:\/\/klamergruppen.dk\/index.php?rest_route=%2Fwp%2Fv2%2Fmedia&parent=1415"}],"curies":[{"name":"wp","href":"https:\/\/api.w.org\/{rel}","templated":true}]}}